{"id":2,"date":"2019-10-29T12:59:46","date_gmt":"2019-10-29T12:59:46","guid":{"rendered":"http:\/\/giadinhhuykiet.com\/?page_id=2"},"modified":"2019-10-29T15:49:32","modified_gmt":"2019-10-29T15:49:32","slug":"trang-mau","status":"publish","type":"page","link":"https:\/\/giadinhhuykiet.io.vn\/","title":{"rendered":"Gia \u0111\u00ecnh nh\u00e0 Huy &#8211; Ki\u1ec7t"},"content":{"rendered":"\n<h2>N\u01a1i gieo m\u1ea7m h\u1ea1nh ph\u00fac&#8230;<\/h2>\n\n\n\n<iframe loading=\"lazy\" src=\"https:\/\/www.google.com\/maps\/d\/embed?mid=1XrwE__IvUG_UoSlWvLS_CsgBWeg&amp;hl=vi\" width=\"740\" height=\"580\"><\/iframe>\n","protected":false},"excerpt":{"rendered":"<p>N\u01a1i gieo m\u1ea7m h\u1ea1nh ph\u00fac&#8230;<\/p>\n","protected":false},"author":1,"featured_media":79,"parent":0,"menu_order":0,"comment_status":"closed","ping_status":"open","template":"","meta":[],"_links":{"self":[{"href":"https:\/\/giadinhhuykiet.io.vn\/index.php?rest_route=\/wp\/v2\/pages\/2"}],"collection":[{"href":"https:\/\/giadinhhuykiet.io.vn\/index.php?rest_route=\/wp\/v2\/pages"}],"about":[{"href":"https:\/\/giadinhhuykiet.io.vn\/index.php?rest_route=\/wp\/v2\/types\/page"}],"author":[{"embeddable":true,"href":"https:\/\/giadinhhuykiet.io.vn\/index.php?rest_route=\/wp\/v2\/users\/1"}],"replies":[{"embeddable":true,"href":"https:\/\/giadinhhuykiet.io.vn\/index.php?rest_route=%2Fwp%2Fv2%2Fcomments&post=2"}],"version-history":[{"count":3,"href":"https:\/\/giadinhhuykiet.io.vn\/index.php?rest_route=\/wp\/v2\/pages\/2\/revisions"}],"predecessor-version":[{"id":26,"href":"https:\/\/giadinhhuykiet.io.vn\/index.php?rest_route=\/wp\/v2\/pages\/2\/revisions\/26"}],"wp:featuredmedia":[{"embeddable":true,"href":"https:\/\/giadinhhuykiet.io.vn\/index.php?rest_route=\/wp\/v2\/media\/79"}],"wp:attachment":[{"href":"https:\/\/giadinhhuykiet.io.vn\/index.php?rest_route=%2Fwp%2Fv2%2Fmedia&parent=2"}],"curies":[{"name":"wp","href":"https:\/\/api.w.org\/{rel}","templated":true}]}}